{"id":140,"date":"2024-02-09T10:27:29","date_gmt":"2024-02-09T10:27:29","guid":{"rendered":"https:\/\/laguernicasoho.com\/?page_id=140"},"modified":"2025-12-29T14:51:03","modified_gmt":"2025-12-29T14:51:03","slug":"reservas","status":"publish","type":"page","link":"https:\/\/laguernicasoho.com\/es\/reservas\/","title":{"rendered":"Reservas"},"content":{"rendered":"\t\t<div data-elementor-type=\"wp-page\" data-elementor-id=\"140\" class=\"elementor elementor-140\">\n\t\t\t\t<div class=\"elementor-element elementor-element-1f54a17 e-con-full e-flex e-con e-parent\" data-id=\"1f54a17\" data-element_type=\"container\">\n\t\t\t\t<div class=\"elementor-element elementor-element-4e3eb1b elementor-widget elementor-widget-html\" data-id=\"4e3eb1b\" data-element_type=\"widget\" data-widget_type=\"html.default\">\n\t\t\t\t<div class=\"elementor-widget-container\">\n\t\t\t\t\t<iframe src=\"https:\/\/app.tableo.com\/r\/ZG8il7~\" width=\"100%\" height=\" 100%\" style=\"border:none;min-height:700px\" referrerpolicy=\"unsafe-url\"><\/iframe>\t\t\t\t<\/div>\n\t\t\t\t<\/div>\n\t\t\t\t<\/div>\n\t\t\t\t<section class=\"elementor-section elementor-top-section elementor-element elementor-element-2c90376a elementor-section-boxed elementor-section-height-default elementor-section-height-default\" data-id=\"2c90376a\" data-element_type=\"section\" data-settings=\"{&quot;background_background&quot;:&quot;classic&quot;}\">\n\t\t\t\t\t\t\t<div class=\"elementor-background-overlay\"><\/div>\n\t\t\t\t\t\t\t<div class=\"elementor-container elementor-column-gap-extended\">\n\t\t\t\t\t<div class=\"elementor-column elementor-col-100 elementor-top-column elementor-element elementor-element-5a18f5a5\" data-id=\"5a18f5a5\" data-element_type=\"column\">\n\t\t\t<div class=\"elementor-widget-wrap elementor-element-populated\">\n\t\t\t\t\t\t<section class=\"elementor-section elementor-inner-section elementor-element elementor-element-2e596a95 elementor-section-height-min-height elementor-section-content-middle elementor-section-boxed elementor-section-height-default elementor-invisible\" data-id=\"2e596a95\" data-element_type=\"section\" data-settings=\"{&quot;animation&quot;:&quot;fadeIn&quot;,&quot;animation_delay&quot;:400}\">\n\t\t\t\t\t\t<div class=\"elementor-container elementor-column-gap-no\">\n\t\t\t\t\t<div class=\"elementor-column elementor-col-50 elementor-inner-column elementor-element elementor-element-2b5001c5\" data-id=\"2b5001c5\" data-element_type=\"column\" data-settings=\"{&quot;background_background&quot;:&quot;classic&quot;}\">\n\t\t\t<div class=\"elementor-widget-wrap elementor-element-populated\">\n\t\t\t\t\t\t<div class=\"elementor-element elementor-element-482c496f elementor-widget elementor-widget-image\" data-id=\"482c496f\" data-element_type=\"widget\" data-widget_type=\"image.default\">\n\t\t\t\t<div class=\"elementor-widget-container\">\n\t\t\t\t\t\t\t\t\t\t\t\t\t\t\t<img fetchpriority=\"high\" decoding=\"async\" width=\"640\" height=\"632\" src=\"https:\/\/laguernicasoho.com\/wp-content\/uploads\/2024\/02\/carne-chuleton-e1707474330829.jpg\" class=\"attachment-large size-large wp-image-113\" alt=\"Reservas Restaurante laguernica asador malaga soho\" srcset=\"https:\/\/laguernicasoho.com\/wp-content\/uploads\/2024\/02\/carne-chuleton-e1707474330829.jpg 640w, https:\/\/laguernicasoho.com\/wp-content\/uploads\/2024\/02\/carne-chuleton-e1707474330829-300x296.jpg 300w\" sizes=\"(max-width: 640px) 100vw, 640px\" \/>\t\t\t\t\t\t\t\t\t\t\t\t\t\t\t<\/div>\n\t\t\t\t<\/div>\n\t\t\t\t\t<\/div>\n\t\t<\/div>\n\t\t\t\t<div class=\"elementor-column elementor-col-50 elementor-inner-column elementor-element elementor-element-15052825\" data-id=\"15052825\" data-element_type=\"column\" data-settings=\"{&quot;background_background&quot;:&quot;classic&quot;}\">\n\t\t\t<div class=\"elementor-widget-wrap elementor-element-populated\">\n\t\t\t\t\t\t<div class=\"elementor-element elementor-element-d4b633f elementor-widget elementor-widget-text-editor\" data-id=\"d4b633f\" data-element_type=\"widget\" data-widget_type=\"text-editor.default\">\n\t\t\t\t<div class=\"elementor-widget-container\">\n\t\t\t\t\t\t\t\t\t<p>LaGuernica Asador<\/p>\t\t\t\t\t\t\t\t<\/div>\n\t\t\t\t<\/div>\n\t\t\t\t<div class=\"elementor-element elementor-element-4b51348 elementor-widget elementor-widget-heading\" data-id=\"4b51348\" data-element_type=\"widget\" data-widget_type=\"heading.default\">\n\t\t\t\t<div class=\"elementor-widget-container\">\n\t\t\t\t\t<h2 class=\"elementor-heading-title elementor-size-default\">Reserva mesa en LaGuernica<\/h2>\t\t\t\t<\/div>\n\t\t\t\t<\/div>\n\t\t\t\t<div class=\"elementor-element elementor-element-106b63ca elementor-widget elementor-widget-text-editor\" data-id=\"106b63ca\" data-element_type=\"widget\" data-widget_type=\"text-editor.default\">\n\t\t\t\t<div class=\"elementor-widget-container\">\n\t\t\t\t\t\t\t\t\t<p>Disfruta la experiencia de LaGuernica. Cont\u00e1ctanos por Whatsapp o ll\u00e1manos al <a href=\"http:\/\/tel:34698510320\">698510320<\/a><\/p>\t\t\t\t\t\t\t\t<\/div>\n\t\t\t\t<\/div>\n\t\t\t\t<div class=\"elementor-element elementor-element-23bbe320 elementor-widget elementor-widget-button\" data-id=\"23bbe320\" data-element_type=\"widget\" data-widget_type=\"button.default\">\n\t\t\t\t<div class=\"elementor-widget-container\">\n\t\t\t\t\t\t\t\t\t<div class=\"elementor-button-wrapper\">\n\t\t\t\t\t<a class=\"elementor-button elementor-button-link elementor-size-sm\" href=\"tel:34698510320\">\n\t\t\t\t\t\t<span class=\"elementor-button-content-wrapper\">\n\t\t\t\t\t\t\t\t\t<span class=\"elementor-button-text\">Ll\u00e1manos<\/span>\n\t\t\t\t\t<\/span>\n\t\t\t\t\t<\/a>\n\t\t\t\t<\/div>\n\t\t\t\t\t\t\t\t<\/div>\n\t\t\t\t<\/div>\n\t\t\t\t\t<\/div>\n\t\t<\/div>\n\t\t\t\t\t<\/div>\n\t\t<\/section>\n\t\t\t\t<section class=\"elementor-section elementor-inner-section elementor-element elementor-element-464489b2 elementor-section-boxed elementor-section-height-default elementor-section-height-default\" data-id=\"464489b2\" data-element_type=\"section\">\n\t\t\t\t\t\t<div class=\"elementor-container elementor-column-gap-default\">\n\t\t\t\t\t<div class=\"elementor-column elementor-col-33 elementor-inner-column elementor-element elementor-element-265318b\" data-id=\"265318b\" data-element_type=\"column\">\n\t\t\t<div class=\"elementor-widget-wrap elementor-element-populated\">\n\t\t\t\t\t\t<div class=\"elementor-element elementor-element-4a7c8237 elementor-widget elementor-widget-heading\" data-id=\"4a7c8237\" data-element_type=\"widget\" data-widget_type=\"heading.default\">\n\t\t\t\t<div class=\"elementor-widget-container\">\n\t\t\t\t\t<h2 class=\"elementor-heading-title elementor-size-default\">Horarios<\/h2>\t\t\t\t<\/div>\n\t\t\t\t<\/div>\n\t\t\t\t<div class=\"elementor-element elementor-element-49ab6d7a elementor-widget elementor-widget-text-editor\" data-id=\"49ab6d7a\" data-element_type=\"widget\" data-widget_type=\"text-editor.default\">\n\t\t\t\t<div class=\"elementor-widget-container\">\n\t\t\t\t\t\t\t\t\t<p>L-S de 13:30 a 00:00<\/p><p>D de 14:00 a 00:00<\/p>\t\t\t\t\t\t\t\t<\/div>\n\t\t\t\t<\/div>\n\t\t\t\t\t<\/div>\n\t\t<\/div>\n\t\t\t\t<div class=\"elementor-column elementor-col-33 elementor-inner-column elementor-element elementor-element-7fc09182\" data-id=\"7fc09182\" data-element_type=\"column\">\n\t\t\t<div class=\"elementor-widget-wrap elementor-element-populated\">\n\t\t\t\t\t\t<div class=\"elementor-element elementor-element-5a787dac elementor-widget elementor-widget-heading\" data-id=\"5a787dac\" data-element_type=\"widget\" data-widget_type=\"heading.default\">\n\t\t\t\t<div class=\"elementor-widget-container\">\n\t\t\t\t\t<h2 class=\"elementor-heading-title elementor-size-default\">Para reservas<\/h2>\t\t\t\t<\/div>\n\t\t\t\t<\/div>\n\t\t\t\t<div class=\"elementor-element elementor-element-206b83a1 elementor-widget elementor-widget-text-editor\" data-id=\"206b83a1\" data-element_type=\"widget\" data-widget_type=\"text-editor.default\">\n\t\t\t\t<div class=\"elementor-widget-container\">\n\t\t\t\t\t\t\t\t\t<p>Ll\u00e1manos al <a href=\"tel:34698510320\">698510320<\/a>\u00a0<\/p>\t\t\t\t\t\t\t\t<\/div>\n\t\t\t\t<\/div>\n\t\t\t\t\t<\/div>\n\t\t<\/div>\n\t\t\t\t<div class=\"elementor-column elementor-col-33 elementor-inner-column elementor-element elementor-element-7855dd00\" data-id=\"7855dd00\" data-element_type=\"column\">\n\t\t\t<div class=\"elementor-widget-wrap elementor-element-populated\">\n\t\t\t\t\t\t<div class=\"elementor-element elementor-element-44077962 elementor-widget elementor-widget-heading\" data-id=\"44077962\" data-element_type=\"widget\" data-widget_type=\"heading.default\">\n\t\t\t\t<div class=\"elementor-widget-container\">\n\t\t\t\t\t<h2 class=\"elementor-heading-title elementor-size-default\">Direcci\u00f3n<\/h2>\t\t\t\t<\/div>\n\t\t\t\t<\/div>\n\t\t\t\t<div class=\"elementor-element elementor-element-621d615a elementor-widget elementor-widget-text-editor\" data-id=\"621d615a\" data-element_type=\"widget\" data-widget_type=\"text-editor.default\">\n\t\t\t\t<div class=\"elementor-widget-container\">\n\t\t\t\t\t\t\t\t\t<p><a href=\"https:\/\/maps.app.goo.gl\/4w8DSzQpNWHgzVc38\">C. Casas de Campos, 20, Distrito Centro, 29001 M\u00e1laga<\/a><\/p>\t\t\t\t\t\t\t\t<\/div>\n\t\t\t\t<\/div>\n\t\t\t\t\t<\/div>\n\t\t<\/div>\n\t\t\t\t\t<\/div>\n\t\t<\/section>\n\t\t\t\t\t<\/div>\n\t\t<\/div>\n\t\t\t\t\t<\/div>\n\t\t<\/section>\n\t\t<div class=\"elementor-element elementor-element-cfa33a1 e-flex e-con-boxed e-con e-parent\" data-id=\"cfa33a1\" data-element_type=\"container\">\n\t\t\t\t\t<div class=\"e-con-inner\">\n\t\t\t\t<div class=\"elementor-element elementor-element-3c9ceab elementor-widget elementor-widget-html\" data-id=\"3c9ceab\" data-element_type=\"widget\" data-widget_type=\"html.default\">\n\t\t\t\t<div class=\"elementor-widget-container\">\n\t\t\t\t\t<!-- STICKY FOOTER BAR - LAGUERNICA -->\r\n<link rel=\"stylesheet\" href=\"https:\/\/cdnjs.cloudflare.com\/ajax\/libs\/font-awesome\/6.5.0\/css\/all.min.css\" \/>\r\n\r\n<div class=\"sticky-footer-bar\">\r\n  <a href=\"https:\/\/maps.app.goo.gl\/h6MABsrGmTVKuts2A\" target=\"_blank\" rel=\"noopener\">\r\n    <i class=\"fas fa-map-marker-alt\"><\/i>\r\n    <span>C\u00f3mo llegar<\/span>\r\n  <\/a>\r\n  <div class=\"divider\"><\/div>\r\n  <a href=\"https:\/\/laguernicasoho.com\/es\/reservas\/\">\r\n    <i class=\"fas fa-calendar-check\"><\/i>\r\n    <span>Reservar<\/span>\r\n  <\/a>\r\n  <div class=\"divider\"><\/div>\r\n  <a href=\"https:\/\/wa.me\/34698510320?text=\u00a1Hola!%20Quiero%20reservar%20una%20mesa.\" target=\"_blank\" rel=\"noopener\">\r\n    <i class=\"fab fa-whatsapp\"><\/i>\r\n    <span>WhatsApp<\/span>\r\n  <\/a>\r\n<\/div>\r\n\r\n<style>\r\n  .sticky-footer-bar {\r\n    position: fixed;\r\n    bottom: 0;\r\n    left: 0;\r\n    width: 100%;\r\n    background-color: #002b53;\r\n    display: flex;\r\n    justify-content: space-around;\r\n    align-items: center;\r\n    padding: 10px 0;\r\n    z-index: 9999;\r\n    font-family: 'Helvetica Neue', sans-serif;\r\n    font-size: 12px;\r\n    text-align: center;\r\n    color: white;\r\n    box-shadow: 0 -2px 10px rgba(0, 0, 0, 0.2);\r\n  }\r\n\r\n  .sticky-footer-bar a {\r\n    flex: 1;\r\n    color: white;\r\n    text-decoration: none;\r\n    font-weight: 600;\r\n    display: flex;\r\n    flex-direction: column;\r\n    align-items: center;\r\n    justify-content: center;\r\n  }\r\n\r\n  .sticky-footer-bar i {\r\n    font-size: 18px;\r\n    margin-bottom: 4px;\r\n  }\r\n\r\n  .sticky-footer-bar .divider {\r\n    width: 1px;\r\n    height: 24px;\r\n    background-color: white;\r\n    opacity: 0.5;\r\n  }\r\n\r\n  @media (min-width: 768px) {\r\n    .sticky-footer-bar {\r\n      display: none;\r\n    }\r\n  }\r\n<\/style>\r\n\t\t\t\t<\/div>\n\t\t\t\t<\/div>\n\t\t\t\t\t<\/div>\n\t\t\t\t<\/div>\n\t\t\t\t<\/div>\n\t\t","protected":false},"excerpt":{"rendered":"<p>Reserva hoy en LaGuernica Malaga Soho<\/p>\n","protected":false},"author":1,"featured_media":126,"parent":0,"menu_order":0,"comment_status":"closed","ping_status":"closed","template":"elementor_header_footer","meta":{"footnotes":""},"class_list":["post-140","page","type-page","status-publish","has-post-thumbnail","hentry"],"yoast_head":"<!-- This site is optimized with the Yoast SEO plugin v26.6 - https:\/\/yoast.com\/wordpress\/plugins\/seo\/ -->\n<title>Reservas - LaGuernica Soho - Asador M\u00e1laga - Restaurante<\/title>\n<meta name=\"description\" content=\"Reserva tu mesa en LaGuernica Soho, el asador m\u00e1s destacado de M\u00e1laga. Disfruta carnes premium, pescados a la brasa y un ambiente inigualable en pleno Soho.\" \/>\n<meta name=\"robots\" content=\"index, follow, max-snippet:-1, max-image-preview:large, max-video-preview:-1\" \/>\n<link rel=\"canonical\" href=\"https:\/\/laguernicasoho.com\/es\/reservas\/\" \/>\n<meta property=\"og:locale\" content=\"es_ES\" \/>\n<meta property=\"og:type\" content=\"article\" \/>\n<meta property=\"og:title\" content=\"Reservas - LaGuernica Soho - Asador M\u00e1laga - Restaurante\" \/>\n<meta property=\"og:description\" content=\"Reserva tu mesa en LaGuernica Soho, el asador m\u00e1s destacado de M\u00e1laga. Disfruta carnes premium, pescados a la brasa y un ambiente inigualable en pleno Soho.\" \/>\n<meta property=\"og:url\" content=\"https:\/\/laguernicasoho.com\/es\/reservas\/\" \/>\n<meta property=\"og:site_name\" content=\"LaGuernica Soho - Asador M\u00e1laga - Restaurante\" \/>\n<meta property=\"article:modified_time\" content=\"2025-12-29T14:51:03+00:00\" \/>\n<meta property=\"og:image\" content=\"https:\/\/laguernicasoho.com\/wp-content\/uploads\/2024\/02\/grill-4709068_640.jpg\" \/>\n\t<meta property=\"og:image:width\" content=\"640\" \/>\n\t<meta property=\"og:image:height\" content=\"396\" \/>\n\t<meta property=\"og:image:type\" content=\"image\/jpeg\" \/>\n<meta name=\"twitter:card\" content=\"summary_large_image\" \/>\n<meta name=\"twitter:label1\" content=\"Tiempo de lectura\" \/>\n\t<meta name=\"twitter:data1\" content=\"1 minuto\" \/>\n<script type=\"application\/ld+json\" class=\"yoast-schema-graph\">{\"@context\":\"https:\/\/schema.org\",\"@graph\":[{\"@type\":\"WebPage\",\"@id\":\"https:\/\/laguernicasoho.com\/es\/reservas\/\",\"url\":\"https:\/\/laguernicasoho.com\/es\/reservas\/\",\"name\":\"Reservas - LaGuernica Soho - Asador M\u00e1laga - Restaurante\",\"isPartOf\":{\"@id\":\"https:\/\/laguernicasoho.com\/es\/#website\"},\"primaryImageOfPage\":{\"@id\":\"https:\/\/laguernicasoho.com\/es\/reservas\/#primaryimage\"},\"image\":{\"@id\":\"https:\/\/laguernicasoho.com\/es\/reservas\/#primaryimage\"},\"thumbnailUrl\":\"https:\/\/laguernicasoho.com\/wp-content\/uploads\/2024\/02\/grill-4709068_640.jpg\",\"datePublished\":\"2024-02-09T10:27:29+00:00\",\"dateModified\":\"2025-12-29T14:51:03+00:00\",\"description\":\"Reserva tu mesa en LaGuernica Soho, el asador m\u00e1s destacado de M\u00e1laga. Disfruta carnes premium, pescados a la brasa y un ambiente inigualable en pleno Soho.\",\"breadcrumb\":{\"@id\":\"https:\/\/laguernicasoho.com\/es\/reservas\/#breadcrumb\"},\"inLanguage\":\"es\",\"potentialAction\":[{\"@type\":\"ReadAction\",\"target\":[\"https:\/\/laguernicasoho.com\/es\/reservas\/\"]}]},{\"@type\":\"ImageObject\",\"inLanguage\":\"es\",\"@id\":\"https:\/\/laguernicasoho.com\/es\/reservas\/#primaryimage\",\"url\":\"https:\/\/laguernicasoho.com\/wp-content\/uploads\/2024\/02\/grill-4709068_640.jpg\",\"contentUrl\":\"https:\/\/laguernicasoho.com\/wp-content\/uploads\/2024\/02\/grill-4709068_640.jpg\",\"width\":640,\"height\":396,\"caption\":\"Reserva hoy mismo en LaGuernica, prueba nuestros pescados asados!\"},{\"@type\":\"BreadcrumbList\",\"@id\":\"https:\/\/laguernicasoho.com\/es\/reservas\/#breadcrumb\",\"itemListElement\":[{\"@type\":\"ListItem\",\"position\":1,\"name\":\"Portada\",\"item\":\"https:\/\/laguernicasoho.com\/es\/\"},{\"@type\":\"ListItem\",\"position\":2,\"name\":\"Reservas\"}]},{\"@type\":\"WebSite\",\"@id\":\"https:\/\/laguernicasoho.com\/es\/#website\",\"url\":\"https:\/\/laguernicasoho.com\/es\/\",\"name\":\"LaGuernica Soho - Asador M\u00e1laga - Restaurante\",\"description\":\"Asador de carnes a la brasa en el Soho, M\u00e1laga\",\"publisher\":{\"@id\":\"https:\/\/laguernicasoho.com\/es\/#organization\"},\"potentialAction\":[{\"@type\":\"SearchAction\",\"target\":{\"@type\":\"EntryPoint\",\"urlTemplate\":\"https:\/\/laguernicasoho.com\/es\/?s={search_term_string}\"},\"query-input\":{\"@type\":\"PropertyValueSpecification\",\"valueRequired\":true,\"valueName\":\"search_term_string\"}}],\"inLanguage\":\"es\"},{\"@type\":\"Organization\",\"@id\":\"https:\/\/laguernicasoho.com\/es\/#organization\",\"name\":\"LaGuernica Soho - Asador M\u00e1laga - Restaurante\",\"url\":\"https:\/\/laguernicasoho.com\/es\/\",\"logo\":{\"@type\":\"ImageObject\",\"inLanguage\":\"es\",\"@id\":\"https:\/\/laguernicasoho.com\/es\/#\/schema\/logo\/image\/\",\"url\":\"https:\/\/laguernicasoho.com\/wp-content\/uploads\/2025\/04\/laguernica-favicon.png\",\"contentUrl\":\"https:\/\/laguernicasoho.com\/wp-content\/uploads\/2025\/04\/laguernica-favicon.png\",\"width\":813,\"height\":813,\"caption\":\"LaGuernica Soho - Asador M\u00e1laga - Restaurante\"},\"image\":{\"@id\":\"https:\/\/laguernicasoho.com\/es\/#\/schema\/logo\/image\/\"}}]}<\/script>\n<!-- \/ Yoast SEO plugin. -->","yoast_head_json":{"title":"Reservas - LaGuernica Soho - Asador M\u00e1laga - Restaurante","description":"Reserva tu mesa en LaGuernica Soho, el asador m\u00e1s destacado de M\u00e1laga. Disfruta carnes premium, pescados a la brasa y un ambiente inigualable en pleno Soho.","robots":{"index":"index","follow":"follow","max-snippet":"max-snippet:-1","max-image-preview":"max-image-preview:large","max-video-preview":"max-video-preview:-1"},"canonical":"https:\/\/laguernicasoho.com\/es\/reservas\/","og_locale":"es_ES","og_type":"article","og_title":"Reservas - LaGuernica Soho - Asador M\u00e1laga - Restaurante","og_description":"Reserva tu mesa en LaGuernica Soho, el asador m\u00e1s destacado de M\u00e1laga. Disfruta carnes premium, pescados a la brasa y un ambiente inigualable en pleno Soho.","og_url":"https:\/\/laguernicasoho.com\/es\/reservas\/","og_site_name":"LaGuernica Soho - Asador M\u00e1laga - Restaurante","article_modified_time":"2025-12-29T14:51:03+00:00","og_image":[{"width":640,"height":396,"url":"https:\/\/laguernicasoho.com\/wp-content\/uploads\/2024\/02\/grill-4709068_640.jpg","type":"image\/jpeg"}],"twitter_card":"summary_large_image","twitter_misc":{"Tiempo de lectura":"1 minuto"},"schema":{"@context":"https:\/\/schema.org","@graph":[{"@type":"WebPage","@id":"https:\/\/laguernicasoho.com\/es\/reservas\/","url":"https:\/\/laguernicasoho.com\/es\/reservas\/","name":"Reservas - LaGuernica Soho - Asador M\u00e1laga - Restaurante","isPartOf":{"@id":"https:\/\/laguernicasoho.com\/es\/#website"},"primaryImageOfPage":{"@id":"https:\/\/laguernicasoho.com\/es\/reservas\/#primaryimage"},"image":{"@id":"https:\/\/laguernicasoho.com\/es\/reservas\/#primaryimage"},"thumbnailUrl":"https:\/\/laguernicasoho.com\/wp-content\/uploads\/2024\/02\/grill-4709068_640.jpg","datePublished":"2024-02-09T10:27:29+00:00","dateModified":"2025-12-29T14:51:03+00:00","description":"Reserva tu mesa en LaGuernica Soho, el asador m\u00e1s destacado de M\u00e1laga. Disfruta carnes premium, pescados a la brasa y un ambiente inigualable en pleno Soho.","breadcrumb":{"@id":"https:\/\/laguernicasoho.com\/es\/reservas\/#breadcrumb"},"inLanguage":"es","potentialAction":[{"@type":"ReadAction","target":["https:\/\/laguernicasoho.com\/es\/reservas\/"]}]},{"@type":"ImageObject","inLanguage":"es","@id":"https:\/\/laguernicasoho.com\/es\/reservas\/#primaryimage","url":"https:\/\/laguernicasoho.com\/wp-content\/uploads\/2024\/02\/grill-4709068_640.jpg","contentUrl":"https:\/\/laguernicasoho.com\/wp-content\/uploads\/2024\/02\/grill-4709068_640.jpg","width":640,"height":396,"caption":"Reserva hoy mismo en LaGuernica, prueba nuestros pescados asados!"},{"@type":"BreadcrumbList","@id":"https:\/\/laguernicasoho.com\/es\/reservas\/#breadcrumb","itemListElement":[{"@type":"ListItem","position":1,"name":"Portada","item":"https:\/\/laguernicasoho.com\/es\/"},{"@type":"ListItem","position":2,"name":"Reservas"}]},{"@type":"WebSite","@id":"https:\/\/laguernicasoho.com\/es\/#website","url":"https:\/\/laguernicasoho.com\/es\/","name":"LaGuernica Soho - Asador M\u00e1laga - Restaurante","description":"Asador de carnes a la brasa en el Soho, M\u00e1laga","publisher":{"@id":"https:\/\/laguernicasoho.com\/es\/#organization"},"potentialAction":[{"@type":"SearchAction","target":{"@type":"EntryPoint","urlTemplate":"https:\/\/laguernicasoho.com\/es\/?s={search_term_string}"},"query-input":{"@type":"PropertyValueSpecification","valueRequired":true,"valueName":"search_term_string"}}],"inLanguage":"es"},{"@type":"Organization","@id":"https:\/\/laguernicasoho.com\/es\/#organization","name":"LaGuernica Soho - Asador M\u00e1laga - Restaurante","url":"https:\/\/laguernicasoho.com\/es\/","logo":{"@type":"ImageObject","inLanguage":"es","@id":"https:\/\/laguernicasoho.com\/es\/#\/schema\/logo\/image\/","url":"https:\/\/laguernicasoho.com\/wp-content\/uploads\/2025\/04\/laguernica-favicon.png","contentUrl":"https:\/\/laguernicasoho.com\/wp-content\/uploads\/2025\/04\/laguernica-favicon.png","width":813,"height":813,"caption":"LaGuernica Soho - Asador M\u00e1laga - Restaurante"},"image":{"@id":"https:\/\/laguernicasoho.com\/es\/#\/schema\/logo\/image\/"}}]}},"_links":{"self":[{"href":"https:\/\/laguernicasoho.com\/es\/wp-json\/wp\/v2\/pages\/140","targetHints":{"allow":["GET"]}}],"collection":[{"href":"https:\/\/laguernicasoho.com\/es\/wp-json\/wp\/v2\/pages"}],"about":[{"href":"https:\/\/laguernicasoho.com\/es\/wp-json\/wp\/v2\/types\/page"}],"author":[{"embeddable":true,"href":"https:\/\/laguernicasoho.com\/es\/wp-json\/wp\/v2\/users\/1"}],"replies":[{"embeddable":true,"href":"https:\/\/laguernicasoho.com\/es\/wp-json\/wp\/v2\/comments?post=140"}],"version-history":[{"count":181,"href":"https:\/\/laguernicasoho.com\/es\/wp-json\/wp\/v2\/pages\/140\/revisions"}],"predecessor-version":[{"id":756,"href":"https:\/\/laguernicasoho.com\/es\/wp-json\/wp\/v2\/pages\/140\/revisions\/756"}],"wp:featuredmedia":[{"embeddable":true,"href":"https:\/\/laguernicasoho.com\/es\/wp-json\/wp\/v2\/media\/126"}],"wp:attachment":[{"href":"https:\/\/laguernicasoho.com\/es\/wp-json\/wp\/v2\/media?parent=140"}],"curies":[{"name":"wp","href":"https:\/\/api.w.org\/{rel}","templated":true}]}}